{"id":400,"date":"2025-12-16T15:49:10","date_gmt":"2025-12-16T14:49:10","guid":{"rendered":"https:\/\/cepc.ch\/?page_id=400"},"modified":"2025-12-16T15:55:45","modified_gmt":"2025-12-16T14:55:45","slug":"emploi","status":"publish","type":"page","link":"https:\/\/cepc.ch\/index.php\/emploi\/","title":{"rendered":"Emploi"},"content":{"rendered":"\n<div class=\"wp-block-group has-blanc-color has-text-color has-background has-link-color wp-elements-7e16d98b5015881c3894ab39f2398ed6 has-global-padding is-layout-constrained wp-container-core-group-is-layout-bb67fd99 wp-block-group-is-layout-constrained\" style=\"border-radius:60px;background:linear-gradient(135deg,rgb(202,116,159) 0%,rgb(190,148,184) 51%,rgb(174,191,218) 100%);margin-top:0;margin-bottom:0;padding-top:var(--wp--preset--spacing--70);padding-right:0;padding-bottom:var(--wp--preset--spacing--80);padding-left:var(--wp--preset--spacing--80)\">\n<div class=\"wp-block-columns is-layout-flex wp-container-core-columns-is-layout-28f84493 wp-block-columns-is-layout-flex\">\n<div class=\"wp-block-column is-layout-flow wp-block-column-is-layout-flow\" style=\"padding-left:var(--wp--preset--spacing--80)\">\n<h1 class=\"wp-block-heading\">Le CEPC recrute<\/h1>\n\n\n\n<p class=\"has-large-font-size\" style=\"padding-top:var(--wp--preset--spacing--30);padding-bottom:var(--wp--preset--spacing--30)\">Rejoindre le CEPC<\/p>\n\n\n\n<p>Le CEPC accueille de jeunes mineurs, en \u00e2ge de scolarit\u00e9 obligatoire, qui traversent une situation de crise, de rupture ou de d\u00e9tresse socio-familiale, avec eux-m\u00eames ou autrui. <\/p>\n\n\n\n<p>L&rsquo;institution propose r\u00e9guli\u00e8rement des offres d&#8217;emploi en rapport avec sa mission.<\/p>\n<\/div>\n\n\n\n<div class=\"wp-block-column is-layout-flow wp-block-column-is-layout-flow\">\n<figure class=\"wp-block-image alignright size-full is-resized is-style-default\" style=\"margin-top:180px;margin-bottom:-170px\"><img loading=\"lazy\" decoding=\"async\" width=\"624\" height=\"516\" src=\"https:\/\/cepc.ch\/wp-content\/uploads\/2025\/11\/CEPC-1761.png\" alt=\"\" class=\"wp-image-31\" style=\"width:400px\" srcset=\"https:\/\/cepc.ch\/wp-content\/uploads\/2025\/11\/CEPC-1761.png 624w, https:\/\/cepc.ch\/wp-content\/uploads\/2025\/11\/CEPC-1761-300x248.png 300w\" sizes=\"auto, (max-width: 624px) 100vw, 624px\" \/><\/figure>\n<\/div>\n<\/div>\n<\/div>\n\n\n\n<div style=\"height:100px\" aria-hidden=\"true\" class=\"wp-block-spacer\"><\/div>\n\n\n\n<div class=\"wp-block-group has-global-padding is-layout-constrained wp-block-group-is-layout-constrained\">\n<div class=\"wp-block-columns is-layout-flex wp-container-core-columns-is-layout-28f84493 wp-block-columns-is-layout-flex\">\n<div class=\"wp-block-column has-background is-layout-flow wp-block-column-is-layout-flow\" style=\"border-radius:60px;background-color:#eaedfe;padding-top:var(--wp--preset--spacing--70);padding-right:var(--wp--preset--spacing--80);padding-bottom:10rem;padding-left:var(--wp--preset--spacing--80);flex-basis:350px\">\n<p class=\"has-x-large-font-size\" style=\"padding-bottom:var(--wp--preset--spacing--50)\">Offres<br>d\u2019emplois&nbsp;<\/p>\n\n\n\n<p>D\u00e9couvrez les diff\u00e9rents postes disponibles au sein du CEPC.<\/p>\n<\/div>\n\n\n\n<div class=\"wp-block-column column-center is-layout-flow wp-container-core-column-is-layout-e33acd3a wp-block-column-is-layout-flow\" style=\"padding-top:0;padding-left:0px\">\n<div class=\"wp-block-query margin-offre is-layout-flow wp-block-query-is-layout-flow\"><ul style=\"border-radius:40px; padding-top:var(--wp--preset--spacing--20);padding-left:var(--wp--preset--spacing--30);padding-right:var(--wp--preset--spacing--30);padding-bottom:var(--wp--preset--spacing--20);\" class=\"columns-3 wp-block-post-template is-layout-grid wp-container-core-post-template-is-layout-9ebf37bd wp-block-post-template-is-layout-grid\"><li class=\"wp-block-post post-535 offre-emploi type-offre-emploi status-publish has-post-thumbnail hentry\">\n\n<div class=\"wp-block-group w-225 has-degrade-cepc-gradient-background has-background is-layout-grid wp-container-core-group-is-layout-38dc1eaa wp-block-group-is-layout-grid\" style=\"border-radius:30px;padding-top:var(--wp--preset--spacing--50);padding-right:var(--wp--preset--spacing--20);padding-bottom:0;padding-left:var(--wp--preset--spacing--20)\"><h4 class=\"has-link-color wp-elements-acdde9e2849c580ff202ee28b55cfb41 wp-block-post-title has-text-color has-blanc-color\"><a href=\"https:\/\/cepc.ch\/index.php\/offre-emploi\/educateur-trice-es-hes\/\" target=\"_self\" >Educateur\/trice ES\/HES<\/a><\/h4>\n\n<div class=\"has-link-color wrap-text wp-elements-a8034174a47594f0d2a0de4a9f609ff5 wp-block-post-excerpt has-text-color has-blanc-color\"><p class=\"wp-block-post-excerpt__excerpt\">Voir l&rsquo;offre d&#8217;emploi <\/p><\/div>\n\n<figure style=\"width:200px; padding-top:var(--wp--preset--spacing--20);padding-bottom:var(--wp--preset--spacing--20);padding-left:var(--wp--preset--spacing--20);padding-right:var(--wp--preset--spacing--20);\" class=\"wp-block-post-featured-image\"><a href=\"https:\/\/cepc.ch\/index.php\/offre-emploi\/educateur-trice-es-hes\/\" target=\"_self\"  ><img loading=\"lazy\" decoding=\"async\" width=\"300\" height=\"298\" src=\"https:\/\/cepc.ch\/wp-content\/uploads\/2026\/02\/CEPC-1716-300x298-1.png\" class=\"attachment-post-thumbnail size-post-thumbnail wp-post-image\" alt=\"Educateur\/trice ES\/HES\" style=\"border-radius:25px;object-fit:cover;\" srcset=\"https:\/\/cepc.ch\/wp-content\/uploads\/2026\/02\/CEPC-1716-300x298-1.png 300w, https:\/\/cepc.ch\/wp-content\/uploads\/2026\/02\/CEPC-1716-300x298-1-150x150.png 150w\" sizes=\"auto, (max-width: 300px) 100vw, 300px\" \/><\/a><\/figure><\/div>\n\n<\/li><\/ul>\n\n<\/div>\n<\/div>\n<\/div>\n<\/div>\n","protected":false},"excerpt":{"rendered":"<p>Le CEPC recrute Rejoindre le CEPC Le CEPC accueille de jeunes mineurs, en \u00e2ge de scolarit\u00e9 obligatoire, qui traversent une situation de crise, de rupture ou de d\u00e9tresse socio-familiale, avec&#8230;<\/p>\n","protected":false},"author":1,"featured_media":0,"parent":0,"menu_order":0,"comment_status":"closed","ping_status":"closed","template":"","meta":{"_uag_custom_page_level_css":"","footnotes":""},"class_list":["post-400","page","type-page","status-publish","hentry"],"yoast_head":"<!-- This site is optimized with the Yoast SEO plugin v26.6 - https:\/\/yoast.com\/wordpress\/plugins\/seo\/ -->\n<title>Emploi - Cepc<\/title>\n<meta name=\"robots\" content=\"index, follow, max-snippet:-1, max-image-preview:large, max-video-preview:-1\" \/>\n<link rel=\"canonical\" href=\"https:\/\/cepc.ch\/index.php\/emploi\/\" \/>\n<meta property=\"og:locale\" content=\"fr_FR\" \/>\n<meta property=\"og:type\" content=\"article\" \/>\n<meta property=\"og:title\" content=\"Emploi - Cepc\" \/>\n<meta property=\"og:description\" content=\"Le CEPC recrute Rejoindre le CEPC Le CEPC accueille de jeunes mineurs, en \u00e2ge de scolarit\u00e9 obligatoire, qui traversent une situation de crise, de rupture ou de d\u00e9tresse socio-familiale, avec...\" \/>\n<meta property=\"og:url\" content=\"https:\/\/cepc.ch\/index.php\/emploi\/\" \/>\n<meta property=\"og:site_name\" content=\"Cepc\" \/>\n<meta property=\"article:modified_time\" content=\"2025-12-16T14:55:45+00:00\" \/>\n<meta property=\"og:image\" content=\"https:\/\/cepc.ch\/wp-content\/uploads\/2025\/11\/CEPC-1761.png\" \/>\n\t<meta property=\"og:image:width\" content=\"624\" \/>\n\t<meta property=\"og:image:height\" content=\"516\" \/>\n\t<meta property=\"og:image:type\" content=\"image\/png\" \/>\n<meta name=\"twitter:card\" content=\"summary_large_image\" \/>\n<meta name=\"twitter:label1\" content=\"Dur\u00e9e de lecture estim\u00e9e\" \/>\n\t<meta name=\"twitter:data1\" content=\"1 minute\" \/>\n<script type=\"application\/ld+json\" class=\"yoast-schema-graph\">{\"@context\":\"https:\/\/schema.org\",\"@graph\":[{\"@type\":\"WebPage\",\"@id\":\"https:\/\/cepc.ch\/index.php\/emploi\/\",\"url\":\"https:\/\/cepc.ch\/index.php\/emploi\/\",\"name\":\"Emploi - Cepc\",\"isPartOf\":{\"@id\":\"https:\/\/cepc.ch\/#website\"},\"primaryImageOfPage\":{\"@id\":\"https:\/\/cepc.ch\/index.php\/emploi\/#primaryimage\"},\"image\":{\"@id\":\"https:\/\/cepc.ch\/index.php\/emploi\/#primaryimage\"},\"thumbnailUrl\":\"https:\/\/cepc.ch\/wp-content\/uploads\/2025\/11\/CEPC-1761.png\",\"datePublished\":\"2025-12-16T14:49:10+00:00\",\"dateModified\":\"2025-12-16T14:55:45+00:00\",\"breadcrumb\":{\"@id\":\"https:\/\/cepc.ch\/index.php\/emploi\/#breadcrumb\"},\"inLanguage\":\"fr-FR\",\"potentialAction\":[{\"@type\":\"ReadAction\",\"target\":[\"https:\/\/cepc.ch\/index.php\/emploi\/\"]}]},{\"@type\":\"ImageObject\",\"inLanguage\":\"fr-FR\",\"@id\":\"https:\/\/cepc.ch\/index.php\/emploi\/#primaryimage\",\"url\":\"https:\/\/cepc.ch\/wp-content\/uploads\/2025\/11\/CEPC-1761.png\",\"contentUrl\":\"https:\/\/cepc.ch\/wp-content\/uploads\/2025\/11\/CEPC-1761.png\",\"width\":624,\"height\":516},{\"@type\":\"BreadcrumbList\",\"@id\":\"https:\/\/cepc.ch\/index.php\/emploi\/#breadcrumb\",\"itemListElement\":[{\"@type\":\"ListItem\",\"position\":1,\"name\":\"Accueil\",\"item\":\"https:\/\/cepc.ch\/\"},{\"@type\":\"ListItem\",\"position\":2,\"name\":\"Emploi\"}]},{\"@type\":\"WebSite\",\"@id\":\"https:\/\/cepc.ch\/#website\",\"url\":\"https:\/\/cepc.ch\/\",\"name\":\"Cepc\",\"description\":\"\",\"publisher\":{\"@id\":\"https:\/\/cepc.ch\/#organization\"},\"potentialAction\":[{\"@type\":\"SearchAction\",\"target\":{\"@type\":\"EntryPoint\",\"urlTemplate\":\"https:\/\/cepc.ch\/?s={search_term_string}\"},\"query-input\":{\"@type\":\"PropertyValueSpecification\",\"valueRequired\":true,\"valueName\":\"search_term_string\"}}],\"inLanguage\":\"fr-FR\"},{\"@type\":\"Organization\",\"@id\":\"https:\/\/cepc.ch\/#organization\",\"name\":\"Cepc\",\"url\":\"https:\/\/cepc.ch\/\",\"logo\":{\"@type\":\"ImageObject\",\"inLanguage\":\"fr-FR\",\"@id\":\"https:\/\/cepc.ch\/#\/schema\/logo\/image\/\",\"url\":\"https:\/\/cepc.ch\/wp-content\/uploads\/2025\/11\/cropped-Logo.png\",\"contentUrl\":\"https:\/\/cepc.ch\/wp-content\/uploads\/2025\/11\/cropped-Logo.png\",\"width\":512,\"height\":512,\"caption\":\"Cepc\"},\"image\":{\"@id\":\"https:\/\/cepc.ch\/#\/schema\/logo\/image\/\"}}]}<\/script>\n<!-- \/ Yoast SEO plugin. -->","yoast_head_json":{"title":"Emploi - Cepc","robots":{"index":"index","follow":"follow","max-snippet":"max-snippet:-1","max-image-preview":"max-image-preview:large","max-video-preview":"max-video-preview:-1"},"canonical":"https:\/\/cepc.ch\/index.php\/emploi\/","og_locale":"fr_FR","og_type":"article","og_title":"Emploi - Cepc","og_description":"Le CEPC recrute Rejoindre le CEPC Le CEPC accueille de jeunes mineurs, en \u00e2ge de scolarit\u00e9 obligatoire, qui traversent une situation de crise, de rupture ou de d\u00e9tresse socio-familiale, avec...","og_url":"https:\/\/cepc.ch\/index.php\/emploi\/","og_site_name":"Cepc","article_modified_time":"2025-12-16T14:55:45+00:00","og_image":[{"width":624,"height":516,"url":"https:\/\/cepc.ch\/wp-content\/uploads\/2025\/11\/CEPC-1761.png","type":"image\/png"}],"twitter_card":"summary_large_image","twitter_misc":{"Dur\u00e9e de lecture estim\u00e9e":"1 minute"},"schema":{"@context":"https:\/\/schema.org","@graph":[{"@type":"WebPage","@id":"https:\/\/cepc.ch\/index.php\/emploi\/","url":"https:\/\/cepc.ch\/index.php\/emploi\/","name":"Emploi - Cepc","isPartOf":{"@id":"https:\/\/cepc.ch\/#website"},"primaryImageOfPage":{"@id":"https:\/\/cepc.ch\/index.php\/emploi\/#primaryimage"},"image":{"@id":"https:\/\/cepc.ch\/index.php\/emploi\/#primaryimage"},"thumbnailUrl":"https:\/\/cepc.ch\/wp-content\/uploads\/2025\/11\/CEPC-1761.png","datePublished":"2025-12-16T14:49:10+00:00","dateModified":"2025-12-16T14:55:45+00:00","breadcrumb":{"@id":"https:\/\/cepc.ch\/index.php\/emploi\/#breadcrumb"},"inLanguage":"fr-FR","potentialAction":[{"@type":"ReadAction","target":["https:\/\/cepc.ch\/index.php\/emploi\/"]}]},{"@type":"ImageObject","inLanguage":"fr-FR","@id":"https:\/\/cepc.ch\/index.php\/emploi\/#primaryimage","url":"https:\/\/cepc.ch\/wp-content\/uploads\/2025\/11\/CEPC-1761.png","contentUrl":"https:\/\/cepc.ch\/wp-content\/uploads\/2025\/11\/CEPC-1761.png","width":624,"height":516},{"@type":"BreadcrumbList","@id":"https:\/\/cepc.ch\/index.php\/emploi\/#breadcrumb","itemListElement":[{"@type":"ListItem","position":1,"name":"Accueil","item":"https:\/\/cepc.ch\/"},{"@type":"ListItem","position":2,"name":"Emploi"}]},{"@type":"WebSite","@id":"https:\/\/cepc.ch\/#website","url":"https:\/\/cepc.ch\/","name":"Cepc","description":"","publisher":{"@id":"https:\/\/cepc.ch\/#organization"},"potentialAction":[{"@type":"SearchAction","target":{"@type":"EntryPoint","urlTemplate":"https:\/\/cepc.ch\/?s={search_term_string}"},"query-input":{"@type":"PropertyValueSpecification","valueRequired":true,"valueName":"search_term_string"}}],"inLanguage":"fr-FR"},{"@type":"Organization","@id":"https:\/\/cepc.ch\/#organization","name":"Cepc","url":"https:\/\/cepc.ch\/","logo":{"@type":"ImageObject","inLanguage":"fr-FR","@id":"https:\/\/cepc.ch\/#\/schema\/logo\/image\/","url":"https:\/\/cepc.ch\/wp-content\/uploads\/2025\/11\/cropped-Logo.png","contentUrl":"https:\/\/cepc.ch\/wp-content\/uploads\/2025\/11\/cropped-Logo.png","width":512,"height":512,"caption":"Cepc"},"image":{"@id":"https:\/\/cepc.ch\/#\/schema\/logo\/image\/"}}]}},"uagb_featured_image_src":{"full":false,"thumbnail":false,"medium":false,"medium_large":false,"large":false,"1536x1536":false,"2048x2048":false,"cepc-featured":false,"cepc-thumb":false},"uagb_author_info":{"display_name":"stractis","author_link":"https:\/\/cepc.ch\/index.php\/author\/stractis\/"},"uagb_comment_info":0,"uagb_excerpt":"Le CEPC recrute Rejoindre le CEPC Le CEPC accueille de jeunes mineurs, en \u00e2ge de scolarit\u00e9 obligatoire, qui traversent une situation de crise, de rupture ou de d\u00e9tresse socio-familiale, avec...","_links":{"self":[{"href":"https:\/\/cepc.ch\/index.php\/wp-json\/wp\/v2\/pages\/400","targetHints":{"allow":["GET"]}}],"collection":[{"href":"https:\/\/cepc.ch\/index.php\/wp-json\/wp\/v2\/pages"}],"about":[{"href":"https:\/\/cepc.ch\/index.php\/wp-json\/wp\/v2\/types\/page"}],"author":[{"embeddable":true,"href":"https:\/\/cepc.ch\/index.php\/wp-json\/wp\/v2\/users\/1"}],"replies":[{"embeddable":true,"href":"https:\/\/cepc.ch\/index.php\/wp-json\/wp\/v2\/comments?post=400"}],"version-history":[{"count":3,"href":"https:\/\/cepc.ch\/index.php\/wp-json\/wp\/v2\/pages\/400\/revisions"}],"predecessor-version":[{"id":410,"href":"https:\/\/cepc.ch\/index.php\/wp-json\/wp\/v2\/pages\/400\/revisions\/410"}],"wp:attachment":[{"href":"https:\/\/cepc.ch\/index.php\/wp-json\/wp\/v2\/media?parent=400"}],"curies":[{"name":"wp","href":"https:\/\/api.w.org\/{rel}","templated":true}]}}